{"id":360,"date":"2021-05-27T15:57:59","date_gmt":"2021-05-27T12:57:59","guid":{"rendered":"http:\/\/demirelgrupinsaat.com\/?page_id=360"},"modified":"2021-06-11T16:35:48","modified_gmt":"2021-06-11T13:35:48","slug":"hakkimizda","status":"publish","type":"page","link":"http:\/\/demirelgrupinsaat.com\/index.php\/hakkimizda\/","title":{"rendered":"Hakk\u0131m\u0131zda"},"content":{"rendered":"\t\t<div data-elementor-type=\"wp-page\" data-elementor-id=\"360\" class=\"elementor elementor-360\" data-elementor-settings=\"[]\">\n\t\t\t\t\t\t\t<div class=\"elementor-section-wrap\">\n\t\t\t\t\t\t\t<section class=\"elementor-section elementor-top-section elementor-element elementor-element-f1b873d elementor-section-full_width elementor-section-height-min-height elementor-section-height-default elementor-section-items-middle\" data-id=\"f1b873d\" data-element_type=\"section\" data-settings=\"{&quot;background_background&quot;:&quot;classic&quot;}\">\n\t\t\t\t\t\t\t<div class=\"elementor-background-overlay\"><\/div>\n\t\t\t\t\t\t\t<div class=\"elementor-container elementor-column-gap-default\">\n\t\t\t\t\t<div class=\"elementor-column elementor-col-100 elementor-top-column elementor-element elementor-element-424d813\" data-id=\"424d813\" data-element_type=\"column\" data-settings=\"{&quot;background_background&quot;:&quot;classic&quot;}\">\n\t\t\t<div class=\"elementor-widget-wrap elementor-element-populated\">\n\t\t\t\t\t\t\t\t<div class=\"elementor-element elementor-element-510f205 elementor-widget-divider--view-line elementor-widget elementor-widget-divider\" data-id=\"510f205\" data-element_type=\"widget\" data-widget_type=\"divider.default\">\n\t\t\t\t<div class=\"elementor-widget-container\">\n\t\t\t\t\t<div class=\"elementor-divider\">\n\t\t\t<span class=\"elementor-divider-separator\">\n\t\t\t\t\t\t<\/span>\n\t\t<\/div>\n\t\t\t\t<\/div>\n\t\t\t\t<\/div>\n\t\t\t\t<div class=\"elementor-element elementor-element-b18891d elementor-widget elementor-widget-heading\" data-id=\"b18891d\" data-element_type=\"widget\" data-widget_type=\"heading.default\">\n\t\t\t\t<div class=\"elementor-widget-container\">\n\t\t\t<h2 class=\"elementor-heading-title elementor-size-default\">Hakk\u0131m\u0131zda<\/h2>\t\t<\/div>\n\t\t\t\t<\/div>\n\t\t\t\t\t<\/div>\n\t\t<\/div>\n\t\t\t\t\t\t\t<\/div>\n\t\t<\/section>\n\t\t\t\t<section class=\"elementor-section elementor-top-section elementor-element elementor-element-1d0b5d31 elementor-section-content-middle elementor-reverse-tablet elementor-reverse-mobile elementor-section-boxed elementor-section-height-default elementor-section-height-default\" data-id=\"1d0b5d31\" data-element_type=\"section\">\n\t\t\t\t\t\t<div class=\"elementor-container elementor-column-gap-default\">\n\t\t\t\t\t<div class=\"elementor-column elementor-col-50 elementor-top-column elementor-element elementor-element-4a2ac870\" data-id=\"4a2ac870\" data-element_type=\"column\">\n\t\t\t<div class=\"elementor-widget-wrap elementor-element-populated\">\n\t\t\t\t\t\t\t\t<div class=\"elementor-element elementor-element-5d08afe6 elementor-widget-divider--view-line elementor-widget elementor-widget-divider\" data-id=\"5d08afe6\" data-element_type=\"widget\" data-widget_type=\"divider.default\">\n\t\t\t\t<div class=\"elementor-widget-container\">\n\t\t\t\t\t<div class=\"elementor-divider\">\n\t\t\t<span class=\"elementor-divider-separator\">\n\t\t\t\t\t\t<\/span>\n\t\t<\/div>\n\t\t\t\t<\/div>\n\t\t\t\t<\/div>\n\t\t\t\t<div class=\"elementor-element elementor-element-10baa94 elementor-widget elementor-widget-heading\" data-id=\"10baa94\" data-element_type=\"widget\" data-widget_type=\"heading.default\">\n\t\t\t\t<div class=\"elementor-widget-container\">\n\t\t\t<h2 class=\"elementor-heading-title elementor-size-default\">Misyonumuz<\/h2>\t\t<\/div>\n\t\t\t\t<\/div>\n\t\t\t\t<div class=\"elementor-element elementor-element-6bcfb99f elementor-widget elementor-widget-text-editor\" data-id=\"6bcfb99f\" data-element_type=\"widget\" data-widget_type=\"text-editor.default\">\n\t\t\t\t<div class=\"elementor-widget-container\">\n\t\t\t\t\t\t\t\t<p>M\u00fc\u015fterilerimize her ko\u015fulda en iyi ve kaliteli hizmeti sunmak. Teknoloji ve yeni geli\u015fmeleri takip etmek ve i\u015fin her a\u015famas\u0131nda son sistem teknoloji a\u011f\u0131ndan yararlanmak.<\/p><p>Hep daha iyi \u00e7al\u0131\u015fma ko\u015fullar\u0131 olu\u015fturmak \u00fczere \u00e7al\u0131\u015fmak. D\u00fc\u015f\u00fck maliyetle ve g\u00fcvenli i\u015f sahalar\u0131 kurmak.<\/p>\t\t\t\t\t\t<\/div>\n\t\t\t\t<\/div>\n\t\t\t\t\t<\/div>\n\t\t<\/div>\n\t\t\t\t<div class=\"elementor-column elementor-col-50 elementor-top-column elementor-element elementor-element-15e65107\" data-id=\"15e65107\" data-element_type=\"column\">\n\t\t\t<div class=\"elementor-widget-wrap elementor-element-populated\">\n\t\t\t\t\t\t\t\t<div class=\"elementor-element elementor-element-f2b4f49 elementor-widget elementor-widget-image\" data-id=\"f2b4f49\" data-element_type=\"widget\" data-widget_type=\"image.default\">\n\t\t\t\t<div class=\"elementor-widget-container\">\n\t\t\t\t\t\t\t\t\t\t\t\t\t\t\t<img loading=\"lazy\" decoding=\"async\" width=\"1024\" height=\"683\" src=\"http:\/\/demirelgrupinsaat.com\/wp-content\/uploads\/2021\/06\/construction-worker-1024x683.jpg\" class=\"attachment-large size-large\" alt=\"Construction worker\" srcset=\"http:\/\/demirelgrupinsaat.com\/wp-content\/uploads\/2021\/06\/construction-worker-1024x683.jpg 1024w, http:\/\/demirelgrupinsaat.com\/wp-content\/uploads\/2021\/06\/construction-worker-300x200.jpg 300w, http:\/\/demirelgrupinsaat.com\/wp-content\/uploads\/2021\/06\/construction-worker-768x512.jpg 768w, http:\/\/demirelgrupinsaat.com\/wp-content\/uploads\/2021\/06\/construction-worker-1536x1025.jpg 1536w, http:\/\/demirelgrupinsaat.com\/wp-content\/uploads\/2021\/06\/construction-worker.jpg 2000w\" sizes=\"auto, (max-width: 1024px) 100vw, 1024px\" \/>\t\t\t\t\t\t\t\t\t\t\t\t\t\t\t<\/div>\n\t\t\t\t<\/div>\n\t\t\t\t\t<\/div>\n\t\t<\/div>\n\t\t\t\t\t\t\t<\/div>\n\t\t<\/section>\n\t\t\t\t<section class=\"elementor-section elementor-top-section elementor-element elementor-element-5b0d38f elementor-section-full_width elementor-section-height-default elementor-section-height-default\" data-id=\"5b0d38f\" data-element_type=\"section\">\n\t\t\t\t\t\t<div class=\"elementor-container elementor-column-gap-no\">\n\t\t\t\t\t<div class=\"elementor-column elementor-col-100 elementor-top-column elementor-element elementor-element-9fda41a\" data-id=\"9fda41a\" data-element_type=\"column\">\n\t\t\t<div class=\"elementor-widget-wrap elementor-element-populated\">\n\t\t\t\t\t\t\t\t<div class=\"elementor-element elementor-element-c57fd60 elementor-widget-divider--view-line elementor-widget elementor-widget-divider\" data-id=\"c57fd60\" data-element_type=\"widget\" data-widget_type=\"divider.default\">\n\t\t\t\t<div class=\"elementor-widget-container\">\n\t\t\t\t\t<div class=\"elementor-divider\">\n\t\t\t<span class=\"elementor-divider-separator\">\n\t\t\t\t\t\t<\/span>\n\t\t<\/div>\n\t\t\t\t<\/div>\n\t\t\t\t<\/div>\n\t\t\t\t\t<\/div>\n\t\t<\/div>\n\t\t\t\t\t\t\t<\/div>\n\t\t<\/section>\n\t\t\t\t<section class=\"elementor-section elementor-top-section elementor-element elementor-element-bceef30 elementor-section-content-middle elementor-reverse-tablet elementor-reverse-mobile elementor-section-boxed elementor-section-height-default elementor-section-height-default\" data-id=\"bceef30\" data-element_type=\"section\">\n\t\t\t\t\t\t<div class=\"elementor-container elementor-column-gap-default\">\n\t\t\t\t\t<div class=\"elementor-column elementor-col-50 elementor-top-column elementor-element elementor-element-fe2eaa2\" data-id=\"fe2eaa2\" data-element_type=\"column\">\n\t\t\t<div class=\"elementor-widget-wrap elementor-element-populated\">\n\t\t\t\t\t\t\t\t<div class=\"elementor-element elementor-element-ed44741 elementor-widget elementor-widget-image\" data-id=\"ed44741\" data-element_type=\"widget\" data-widget_type=\"image.default\">\n\t\t\t\t<div class=\"elementor-widget-container\">\n\t\t\t\t\t\t\t\t\t\t\t\t\t\t\t<img loading=\"lazy\" decoding=\"async\" width=\"1024\" height=\"684\" src=\"http:\/\/demirelgrupinsaat.com\/wp-content\/uploads\/2021\/06\/construction-1024x684.jpg\" class=\"attachment-large size-large\" alt=\"Construction\" srcset=\"http:\/\/demirelgrupinsaat.com\/wp-content\/uploads\/2021\/06\/construction-1024x684.jpg 1024w, http:\/\/demirelgrupinsaat.com\/wp-content\/uploads\/2021\/06\/construction-300x200.jpg 300w, http:\/\/demirelgrupinsaat.com\/wp-content\/uploads\/2021\/06\/construction-768x513.jpg 768w, http:\/\/demirelgrupinsaat.com\/wp-content\/uploads\/2021\/06\/construction-1536x1025.jpg 1536w, http:\/\/demirelgrupinsaat.com\/wp-content\/uploads\/2021\/06\/construction.jpg 2000w\" sizes=\"auto, (max-width: 1024px) 100vw, 1024px\" \/>\t\t\t\t\t\t\t\t\t\t\t\t\t\t\t<\/div>\n\t\t\t\t<\/div>\n\t\t\t\t\t<\/div>\n\t\t<\/div>\n\t\t\t\t<div class=\"elementor-column elementor-col-50 elementor-top-column elementor-element elementor-element-a2d44ba\" data-id=\"a2d44ba\" data-element_type=\"column\">\n\t\t\t<div class=\"elementor-widget-wrap elementor-element-populated\">\n\t\t\t\t\t\t\t\t<div class=\"elementor-element elementor-element-40b18c0 elementor-widget-divider--view-line elementor-widget elementor-widget-divider\" data-id=\"40b18c0\" data-element_type=\"widget\" data-widget_type=\"divider.default\">\n\t\t\t\t<div class=\"elementor-widget-container\">\n\t\t\t\t\t<div class=\"elementor-divider\">\n\t\t\t<span class=\"elementor-divider-separator\">\n\t\t\t\t\t\t<\/span>\n\t\t<\/div>\n\t\t\t\t<\/div>\n\t\t\t\t<\/div>\n\t\t\t\t<div class=\"elementor-element elementor-element-6ad0b5b elementor-widget elementor-widget-heading\" data-id=\"6ad0b5b\" data-element_type=\"widget\" data-widget_type=\"heading.default\">\n\t\t\t\t<div class=\"elementor-widget-container\">\n\t\t\t<h2 class=\"elementor-heading-title elementor-size-default\">Vizyonumuz<\/h2>\t\t<\/div>\n\t\t\t\t<\/div>\n\t\t\t\t<div class=\"elementor-element elementor-element-d3bce21 elementor-widget elementor-widget-text-editor\" data-id=\"d3bce21\" data-element_type=\"widget\" data-widget_type=\"text-editor.default\">\n\t\t\t\t<div class=\"elementor-widget-container\">\n\t\t\t\t\t\t\t\t<p>Kurumsal ve ulusal platformda katma de\u011fer sa\u011flamaya devam ederek akla gelen ilk marka olmak, \u015firketimizin ayn\u0131 sekt\u00f6rde yer alan \u015firketler aras\u0131nda lider konuma y\u00fckselmek.<\/p><p>Kaliteden asla \u00f6d\u00fcn vermeden b\u00fcy\u00fcmek. Etkin ve dengeli b\u00fcy\u00fcmenin \u015firketimizin her faaliyetine yans\u0131tmak.<\/p><p>En d\u00fc\u015f\u00fck maliyetle en y\u00fcksek verim sa\u011flamaya \u00e7al\u0131\u015farak m\u00fc\u015fterilerimizin maksimum kar etmesini sa\u011flanmak.<\/p>\t\t\t\t\t\t<\/div>\n\t\t\t\t<\/div>\n\t\t\t\t\t<\/div>\n\t\t<\/div>\n\t\t\t\t\t\t\t<\/div>\n\t\t<\/section>\n\t\t\t\t\t\t<\/div>\n\t\t\t\t\t<\/div>\n\t\t","protected":false},"excerpt":{"rendered":"<p>Hakk\u0131m\u0131zda Misyonumuz M\u00fc\u015fterilerimize her ko\u015fulda en iyi ve kaliteli hizmeti sunmak. Teknoloji ve yeni geli\u015fmeleri takip etmek ve i\u015fin her a\u015famas\u0131nda son sistem teknoloji a\u011f\u0131ndan yararlanmak. Hep daha iyi \u00e7al\u0131\u015fma ko\u015fullar\u0131 olu\u015fturmak \u00fczere \u00e7al\u0131\u015fmak. D\u00fc\u015f\u00fck maliyetle ve g\u00fcvenli i\u015f sahalar\u0131 kurmak. Vizyonumuz Kurumsal ve ulusal platformda katma de\u011fer sa\u011flamaya devam ederek akla gelen ilk marka [&hellip;]<\/p>\n","protected":false},"author":1,"featured_media":0,"parent":0,"menu_order":0,"comment_status":"closed","ping_status":"closed","template":"elementor_header_footer","meta":{"footnotes":""},"class_list":["post-360","page","type-page","status-publish","hentry","entry"],"_links":{"self":[{"href":"http:\/\/demirelgrupinsaat.com\/index.php\/wp-json\/wp\/v2\/pages\/360","targetHints":{"allow":["GET"]}}],"collection":[{"href":"http:\/\/demirelgrupinsaat.com\/index.php\/wp-json\/wp\/v2\/pages"}],"about":[{"href":"http:\/\/demirelgrupinsaat.com\/index.php\/wp-json\/wp\/v2\/types\/page"}],"author":[{"embeddable":true,"href":"http:\/\/demirelgrupinsaat.com\/index.php\/wp-json\/wp\/v2\/users\/1"}],"replies":[{"embeddable":true,"href":"http:\/\/demirelgrupinsaat.com\/index.php\/wp-json\/wp\/v2\/comments?post=360"}],"version-history":[{"count":79,"href":"http:\/\/demirelgrupinsaat.com\/index.php\/wp-json\/wp\/v2\/pages\/360\/revisions"}],"predecessor-version":[{"id":856,"href":"http:\/\/demirelgrupinsaat.com\/index.php\/wp-json\/wp\/v2\/pages\/360\/revisions\/856"}],"wp:attachment":[{"href":"http:\/\/demirelgrupinsaat.com\/index.php\/wp-json\/wp\/v2\/media?parent=360"}],"curies":[{"name":"wp","href":"https:\/\/api.w.org\/{rel}","templated":true}]}}